{"id":96,"date":"2019-08-14T07:41:19","date_gmt":"2019-08-14T07:41:19","guid":{"rendered":"https:\/\/demo.themeisle.com\/neve-lawyers\/?page_id=96"},"modified":"2020-05-19T12:47:14","modified_gmt":"2020-05-19T12:47:14","slug":"ca943-contact","status":"publish","type":"page","link":"https:\/\/zubac.hr\/index.php\/ca943-contact\/","title":{"rendered":"Kontakt"},"content":{"rendered":"\t\t<div data-elementor-type=\"wp-post\" data-elementor-id=\"96\" class=\"elementor elementor-96\">\n\t\t\t\t\t\t<section class=\"elementor-section elementor-top-section elementor-element elementor-element-4f7b62d elementor-section-boxed elementor-section-height-default elementor-section-height-default\" data-id=\"4f7b62d\" data-element_type=\"section\" data-e-type=\"section\" data-settings=\"{&quot;background_background&quot;:&quot;classic&quot;}\">\n\t\t\t\t\t\t\t<div class=\"elementor-background-overlay\"><\/div>\n\t\t\t\t\t\t\t<div class=\"elementor-container elementor-column-gap-default\">\n\t\t\t\t\t<div class=\"elementor-column elementor-col-100 elementor-top-column elementor-element elementor-element-750e05d\" data-id=\"750e05d\" data-element_type=\"column\" data-e-type=\"column\">\n\t\t\t<div class=\"elementor-widget-wrap elementor-element-populated\">\n\t\t\t\t\t\t<section class=\"elementor-section elementor-inner-section elementor-element elementor-element-603108b elementor-section-boxed elementor-section-height-default elementor-section-height-default\" data-id=\"603108b\" data-element_type=\"section\" data-e-type=\"section\">\n\t\t\t\t\t\t<div class=\"elementor-container elementor-column-gap-default\">\n\t\t\t\t\t<div class=\"elementor-column elementor-col-100 elementor-inner-column elementor-element elementor-element-b4a10b4\" data-id=\"b4a10b4\" data-element_type=\"column\" data-e-type=\"column\" data-settings=\"{&quot;background_background&quot;:&quot;classic&quot;}\">\n\t\t\t<div class=\"elementor-widget-wrap elementor-element-populated\">\n\t\t\t\t\t\t<div class=\"elementor-element elementor-element-e57ed26 elementor-widget elementor-widget-heading\" data-id=\"e57ed26\" data-element_type=\"widget\" data-e-type=\"widget\" data-widget_type=\"heading.default\">\n\t\t\t\t<div class=\"elementor-widget-container\">\n\t\t\t\t\t<span class=\"elementor-heading-title elementor-size-default\">www.zubac.hr<\/span>\t\t\t\t<\/div>\n\t\t\t\t<\/div>\n\t\t\t\t<div class=\"elementor-element elementor-element-e9b5617 elementor-widget elementor-widget-heading\" data-id=\"e9b5617\" data-element_type=\"widget\" data-e-type=\"widget\" data-widget_type=\"heading.default\">\n\t\t\t\t<div class=\"elementor-widget-container\">\n\t\t\t\t\t<h1 class=\"elementor-heading-title elementor-size-default\">Kontakt<\/h1>\t\t\t\t<\/div>\n\t\t\t\t<\/div>\n\t\t\t\t\t<\/div>\n\t\t<\/div>\n\t\t\t\t\t<\/div>\n\t\t<\/section>\n\t\t\t\t\t<\/div>\n\t\t<\/div>\n\t\t\t\t\t<\/div>\n\t\t<\/section>\n\t\t\t\t<section class=\"elementor-section elementor-top-section elementor-element elementor-element-4aef426 elementor-section-boxed elementor-section-height-default elementor-section-height-default\" data-id=\"4aef426\" data-element_type=\"section\" data-e-type=\"section\">\n\t\t\t\t\t\t<div class=\"elementor-container elementor-column-gap-default\">\n\t\t\t\t\t<div class=\"elementor-column elementor-col-100 elementor-top-column elementor-element elementor-element-004431b\" data-id=\"004431b\" data-element_type=\"column\" data-e-type=\"column\">\n\t\t\t<div class=\"elementor-widget-wrap elementor-element-populated\">\n\t\t\t\t\t\t<section class=\"elementor-section elementor-inner-section elementor-element elementor-element-7744707 elementor-section-content-middle elementor-section-boxed elementor-section-height-default elementor-section-height-default\" data-id=\"7744707\" data-element_type=\"section\" data-e-type=\"section\">\n\t\t\t\t\t\t<div class=\"elementor-container elementor-column-gap-default\">\n\t\t\t\t\t<div class=\"elementor-column elementor-col-50 elementor-inner-column elementor-element elementor-element-8ce8b9f\" data-id=\"8ce8b9f\" data-element_type=\"column\" data-e-type=\"column\">\n\t\t\t<div class=\"elementor-widget-wrap elementor-element-populated\">\n\t\t\t\t\t\t<div class=\"elementor-element elementor-element-d89b984 elementor-widget elementor-widget-image\" data-id=\"d89b984\" data-element_type=\"widget\" data-e-type=\"widget\" data-widget_type=\"image.default\">\n\t\t\t\t<div class=\"elementor-widget-container\">\n\t\t\t\t\t\t\t\t\t\t\t\t\t\t\t<img fetchpriority=\"high\" decoding=\"async\" width=\"600\" height=\"600\" src=\"https:\/\/zubac.hr\/wp-content\/uploads\/2019\/08\/neve-lawyers-demo-04.jpg\" class=\"attachment-large size-large wp-image-104\" alt=\"\" \/>\t\t\t\t\t\t\t\t\t\t\t\t\t\t\t<\/div>\n\t\t\t\t<\/div>\n\t\t\t\t\t<\/div>\n\t\t<\/div>\n\t\t\t\t<div class=\"elementor-column elementor-col-50 elementor-inner-column elementor-element elementor-element-ec92190\" data-id=\"ec92190\" data-element_type=\"column\" data-e-type=\"column\" data-settings=\"{&quot;background_background&quot;:&quot;classic&quot;}\">\n\t\t\t<div class=\"elementor-widget-wrap elementor-element-populated\">\n\t\t\t\t\t\t<div class=\"elementor-element elementor-element-7b9ef4a elementor-widget-divider--view-line elementor-widget elementor-widget-divider\" data-id=\"7b9ef4a\" data-element_type=\"widget\" data-e-type=\"widget\" data-widget_type=\"divider.default\">\n\t\t\t\t<div class=\"elementor-widget-container\">\n\t\t\t\t\t\t\t<div class=\"elementor-divider\">\n\t\t\t<span class=\"elementor-divider-separator\">\n\t\t\t\t\t\t<\/span>\n\t\t<\/div>\n\t\t\t\t\t\t<\/div>\n\t\t\t\t<\/div>\n\t\t\t\t<div class=\"elementor-element elementor-element-61edc9b elementor-widget elementor-widget-text-editor\" data-id=\"61edc9b\" data-element_type=\"widget\" data-e-type=\"widget\" data-widget_type=\"text-editor.default\">\n\t\t\t\t<div class=\"elementor-widget-container\">\n\t\t\t\t\t\t\t\t\t<p><strong>Neretvanskih gusara 12 <\/strong><br \/><strong>20340 Plo\u010de<\/strong><\/p><p><strong>E-mail:<\/strong> <a href=\"mailto:zubac@optinet.hr\">zubac@optinet.hr<\/a><\/p><p><strong>Radno vrijeme:<\/strong> od 07:00 do 19:00<br \/><strong>Nedjeljom i praznikom<\/strong>: od 08:00 do 12:00<\/p><p><span style=\"color: #ff6600;\"><em><strong>U SLU\u010cAJU SMRTNOG SLU\u010cAJA MO\u017dETE NAS KONTAKTIRATI NA MOBITEL OD 0 DO 24 SATA.<\/strong><\/em><\/span><\/p>\t\t\t\t\t\t\t\t<\/div>\n\t\t\t\t<\/div>\n\t\t\t\t<div class=\"elementor-element elementor-element-700a5cd elementor-position-inline-start elementor-view-default elementor-mobile-position-block-start elementor-widget elementor-widget-icon-box\" data-id=\"700a5cd\" data-element_type=\"widget\" data-e-type=\"widget\" data-widget_type=\"icon-box.default\">\n\t\t\t\t<div class=\"elementor-widget-container\">\n\t\t\t\t\t\t\t<div class=\"elementor-icon-box-wrapper\">\n\n\t\t\t\t\t\t<div class=\"elementor-icon-box-icon\">\n\t\t\t\t<span  class=\"elementor-icon\">\n\t\t\t\t<i aria-hidden=\"true\" class=\"fas fa-phone\"><\/i>\t\t\t\t<\/span>\n\t\t\t<\/div>\n\t\t\t\n\t\t\t\t\t\t<div class=\"elementor-icon-box-content\">\n\n\t\t\t\t\t\t\t\t\t<h4 class=\"elementor-icon-box-title\">\n\t\t\t\t\t\t<span  >\n\t\t\t\t\t\t\tTel.\/Fax: +385 20 670034 || +385 20 678238\t\t\t\t\t\t<\/span>\n\t\t\t\t\t<\/h4>\n\t\t\t\t\n\t\t\t\t\n\t\t\t<\/div>\n\t\t\t\n\t\t<\/div>\n\t\t\t\t\t\t<\/div>\n\t\t\t\t<\/div>\n\t\t\t\t<div class=\"elementor-element elementor-element-3c6b625 elementor-position-inline-start elementor-view-default elementor-mobile-position-block-start elementor-widget elementor-widget-icon-box\" data-id=\"3c6b625\" data-element_type=\"widget\" data-e-type=\"widget\" data-widget_type=\"icon-box.default\">\n\t\t\t\t<div class=\"elementor-widget-container\">\n\t\t\t\t\t\t\t<div class=\"elementor-icon-box-wrapper\">\n\n\t\t\t\t\t\t<div class=\"elementor-icon-box-icon\">\n\t\t\t\t<span  class=\"elementor-icon\">\n\t\t\t\t<i aria-hidden=\"true\" class=\"fas fa-phone\"><\/i>\t\t\t\t<\/span>\n\t\t\t<\/div>\n\t\t\t\n\t\t\t\t\t\t<div class=\"elementor-icon-box-content\">\n\n\t\t\t\t\t\t\t\t\t<h4 class=\"elementor-icon-box-title\">\n\t\t\t\t\t\t<span  >\n\t\t\t\t\t\t\tMob.: +385 98 344295 || +385 91 206 0848 \t\t\t\t\t\t<\/span>\n\t\t\t\t\t<\/h4>\n\t\t\t\t\n\t\t\t\t\n\t\t\t<\/div>\n\t\t\t\n\t\t<\/div>\n\t\t\t\t\t\t<\/div>\n\t\t\t\t<\/div>\n\t\t\t\t\t<\/div>\n\t\t<\/div>\n\t\t\t\t\t<\/div>\n\t\t<\/section>\n\t\t\t\t\t<\/div>\n\t\t<\/div>\n\t\t\t\t\t<\/div>\n\t\t<\/section>\n\t\t\t\t<section class=\"elementor-section elementor-top-section elementor-element elementor-element-ba55f22 elementor-section-boxed elementor-section-height-default elementor-section-height-default\" data-id=\"ba55f22\" data-element_type=\"section\" data-e-type=\"section\" data-settings=\"{&quot;background_background&quot;:&quot;classic&quot;}\">\n\t\t\t\t\t\t<div class=\"elementor-container elementor-column-gap-default\">\n\t\t\t\t\t<div class=\"elementor-column elementor-col-100 elementor-top-column elementor-element elementor-element-d773ca3\" data-id=\"d773ca3\" data-element_type=\"column\" data-e-type=\"column\">\n\t\t\t<div class=\"elementor-widget-wrap elementor-element-populated\">\n\t\t\t\t\t\t<div class=\"elementor-element elementor-element-83d5003 elementor-widget elementor-widget-spacer\" data-id=\"83d5003\" data-element_type=\"widget\" data-e-type=\"widget\" data-widget_type=\"spacer.default\">\n\t\t\t\t<div class=\"elementor-widget-container\">\n\t\t\t\t\t\t\t<div class=\"elementor-spacer\">\n\t\t\t<div class=\"elementor-spacer-inner\"><\/div>\n\t\t<\/div>\n\t\t\t\t\t\t<\/div>\n\t\t\t\t<\/div>\n\t\t\t\t<section class=\"elementor-section elementor-inner-section elementor-element elementor-element-61f8636 elementor-section-boxed elementor-section-height-default elementor-section-height-default\" data-id=\"61f8636\" data-element_type=\"section\" data-e-type=\"section\">\n\t\t\t\t\t\t<div class=\"elementor-container elementor-column-gap-default\">\n\t\t\t\t\t<div class=\"elementor-column elementor-col-50 elementor-inner-column elementor-element elementor-element-e659414\" data-id=\"e659414\" data-element_type=\"column\" data-e-type=\"column\" data-settings=\"{&quot;background_background&quot;:&quot;classic&quot;}\">\n\t\t\t<div class=\"elementor-widget-wrap elementor-element-populated\">\n\t\t\t\t\t\t<div class=\"elementor-element elementor-element-f22cae7 elementor-widget elementor-widget-content_form_contact\" data-id=\"f22cae7\" data-element_type=\"widget\" data-e-type=\"widget\" data-widget_type=\"content_form_contact.default\">\n\t\t\t\t<div class=\"elementor-widget-container\">\n\t\t\t\t\t<form action=\"https:\/\/zubac.hr\/wp-admin\/admin-post.php\" method=\"post\" name=\"content-form-f22cae7\" id=\"content-form-f22cae7\" class=\"ti-cf-module content-form content-form-contact content_form_contact\"><input type=\"hidden\" id=\"_wpnonce_contact\" name=\"_wpnonce_contact\" value=\"9adf1ef0c9\" \/><input type=\"hidden\" name=\"_wp_http_referer\" value=\"\/index.php\/ca943-contact\/\" \/><input type=\"hidden\" name=\"action\" value=\"content_form_submit\" \/><input type=\"hidden\" name=\"form-type\" value=\"contact\" \/><input type=\"hidden\" name=\"form-builder\" value=\"elementor\" \/><input type=\"hidden\" name=\"post-id\" value=\"96\" \/><input type=\"hidden\" name=\"form-id\" value=\"f22cae7\" \/><fieldset class=&quot;content-form-field-text elementor-column elementor-col-100&quot;><label for=\"data[f22cae7][name]\" >Ime<span class=\"required-mark\"> *<\/span><\/label><input type=\"text\" name=\"data[f22cae7][name]\" id=\"data[f22cae7][name]\" required=required  placeholder=\"Va\u0161e ime\"><\/fieldset><fieldset class=&quot;content-form-field-email elementor-column elementor-col-100&quot;><label for=\"data[f22cae7][email]\" >Email<span class=\"required-mark\"> *<\/span><\/label><input type=\"text\" name=\"data[f22cae7][email]\" id=\"data[f22cae7][email]\" required=required  placeholder=\"Va\u0161a e-mail adresa\"><\/fieldset><fieldset class=&quot;content-form-field-textarea elementor-column elementor-col-100&quot;><label for=\"data[f22cae7][message]\" >Poruka<span class=\"required-mark\"> *<\/span><\/label><textarea name=\"data[f22cae7][message]\" id=\"data[f22cae7][message]\"  required=required placeholder=\"Napi\u0161ite poruku\" cols=\"30\" rows=\"5\"><\/textarea><\/fieldset><fieldset class=\"submit-form contact\"><button type=\"submit\" name=\"submit\"  value=\"submit-contact-f22cae7\" class=\"\">Po\u0161alji<\/button><\/fieldset><\/form>\t\t\t\t<\/div>\n\t\t\t\t<\/div>\n\t\t\t\t\t<\/div>\n\t\t<\/div>\n\t\t\t\t<div class=\"elementor-column elementor-col-50 elementor-inner-column elementor-element elementor-element-8904e14\" data-id=\"8904e14\" data-element_type=\"column\" data-e-type=\"column\">\n\t\t\t<div class=\"elementor-widget-wrap elementor-element-populated\">\n\t\t\t\t\t\t<div class=\"elementor-element elementor-element-84f084c elementor-widget elementor-widget-google_maps\" data-id=\"84f084c\" data-element_type=\"widget\" data-e-type=\"widget\" data-widget_type=\"google_maps.default\">\n\t\t\t\t<div class=\"elementor-widget-container\">\n\t\t\t\t\t\t\t<div class=\"elementor-custom-embed\">\n\t\t\t<iframe loading=\"lazy\"\n\t\t\t\t\tsrc=\"https:\/\/maps.google.com\/maps?q=zubac%20d.o.o.&#038;t=m&#038;z=15&#038;output=embed&#038;iwloc=near\"\n\t\t\t\t\ttitle=\"zubac d.o.o.\"\n\t\t\t\t\taria-label=\"zubac d.o.o.\"\n\t\t\t><\/iframe>\n\t\t<\/div>\n\t\t\t\t\t\t<\/div>\n\t\t\t\t<\/div>\n\t\t\t\t<div class=\"elementor-element elementor-element-800f6c7 elementor-widget-divider--view-line elementor-widget elementor-widget-divider\" data-id=\"800f6c7\" data-element_type=\"widget\" data-e-type=\"widget\" data-widget_type=\"divider.default\">\n\t\t\t\t<div class=\"elementor-widget-container\">\n\t\t\t\t\t\t\t<div class=\"elementor-divider\">\n\t\t\t<span class=\"elementor-divider-separator\">\n\t\t\t\t\t\t<\/span>\n\t\t<\/div>\n\t\t\t\t\t\t<\/div>\n\t\t\t\t<\/div>\n\t\t\t\t<div class=\"elementor-element elementor-element-112a4b5 elementor-icon-list--layout-traditional elementor-list-item-link-full_width elementor-widget elementor-widget-icon-list\" data-id=\"112a4b5\" data-element_type=\"widget\" data-e-type=\"widget\" data-widget_type=\"icon-list.default\">\n\t\t\t\t<div class=\"elementor-widget-container\">\n\t\t\t\t\t\t\t<ul class=\"elementor-icon-list-items\">\n\t\t\t\t\t\t\t<li class=\"elementor-icon-list-item\">\n\t\t\t\t\t\t\t\t\t\t\t<span class=\"elementor-icon-list-icon\">\n\t\t\t\t\t\t\t<i aria-hidden=\"true\" class=\"fas fa-map-marker-alt\"><\/i>\t\t\t\t\t\t<\/span>\n\t\t\t\t\t\t\t\t\t\t<span class=\"elementor-icon-list-text\">NERETVANSKIH GUSARA 12 20340  PLO\u010cE<\/span>\n\t\t\t\t\t\t\t\t\t<\/li>\n\t\t\t\t\t\t<\/ul>\n\t\t\t\t\t\t<\/div>\n\t\t\t\t<\/div>\n\t\t\t\t<div class=\"elementor-element elementor-element-6fff9e8 elementor-widget elementor-widget-spacer\" data-id=\"6fff9e8\" data-element_type=\"widget\" data-e-type=\"widget\" data-widget_type=\"spacer.default\">\n\t\t\t\t<div class=\"elementor-widget-container\">\n\t\t\t\t\t\t\t<div class=\"elementor-spacer\">\n\t\t\t<div class=\"elementor-spacer-inner\"><\/div>\n\t\t<\/div>\n\t\t\t\t\t\t<\/div>\n\t\t\t\t<\/div>\n\t\t\t\t<div class=\"elementor-element elementor-element-2e0648a elementor-shape-square elementor-grid-0 e-grid-align-center elementor-widget elementor-widget-social-icons\" data-id=\"2e0648a\" data-element_type=\"widget\" data-e-type=\"widget\" data-widget_type=\"social-icons.default\">\n\t\t\t\t<div class=\"elementor-widget-container\">\n\t\t\t\t\t\t\t<div class=\"elementor-social-icons-wrapper elementor-grid\">\n\t\t\t\t\t\t\t<span class=\"elementor-grid-item\">\n\t\t\t\t\t<a class=\"elementor-icon elementor-social-icon elementor-social-icon-facebook elementor-repeater-item-bb4de1d\" href=\"https:\/\/www.facebook.com\/Cvje%C4%87arnica-Zubac-doo-Plo%C4%8De-676313182799456\/\" target=\"_blank\">\n\t\t\t\t\t\t<span class=\"elementor-screen-only\">Facebook<\/span>\n\t\t\t\t\t\t<i aria-hidden=\"true\" class=\"fab fa-facebook\"><\/i>\t\t\t\t\t<\/a>\n\t\t\t\t<\/span>\n\t\t\t\t\t<\/div>\n\t\t\t\t\t\t<\/div>\n\t\t\t\t<\/div>\n\t\t\t\t\t<\/div>\n\t\t<\/div>\n\t\t\t\t\t<\/div>\n\t\t<\/section>\n\t\t\t\t\t<\/div>\n\t\t<\/div>\n\t\t\t\t\t<\/div>\n\t\t<\/section>\n\t\t\t\t<\/div>\n\t\t","protected":false},"excerpt":{"rendered":"<p>www.zubac.hr Kontakt Neretvanskih gusara 12 20340 Plo\u010de E-mail: zubac@optinet.hr Radno vrijeme: od 07:00 do 19:00Nedjeljom i praznikom: od 08:00 do 12:00 U SLU\u010cAJU SMRTNOG SLU\u010cAJA MO\u017dETE NAS KONTAKTIRATI NA MOBITEL OD 0 DO 24 SATA. Tel.\/Fax: +385 20 670034 || +385 20 678238 Mob.: +385 98 344295 || +385 91 206 0848 Ime * Email&hellip;&nbsp;<a href=\"https:\/\/zubac.hr\/index.php\/ca943-contact\/\" rel=\"bookmark\">Read More &raquo;<span class=\"screen-reader-text\">Kontakt<\/span><\/a><\/p>\n","protected":false},"author":1,"featured_media":0,"parent":0,"menu_order":0,"comment_status":"closed","ping_status":"closed","template":"elementor_header_footer","meta":{"neve_meta_sidebar":"","neve_meta_container":"","neve_meta_enable_content_width":"","neve_meta_content_width":70,"neve_meta_title_alignment":"","neve_meta_author_avatar":"","neve_post_elements_order":"","neve_meta_disable_header":"","neve_meta_disable_footer":"","neve_meta_disable_title":"","footnotes":""},"class_list":["post-96","page","type-page","status-publish","hentry"],"yoast_head":"<!-- This site is optimized with the Yoast SEO plugin v27.4 - https:\/\/yoast.com\/product\/yoast-seo-wordpress\/ -->\n<title>Kontakt - ZUBAC D.O.O<\/title>\n<meta name=\"robots\" content=\"index, follow, max-snippet:-1, max-image-preview:large, max-video-preview:-1\" \/>\n<link rel=\"canonical\" href=\"https:\/\/zubac.hr\/index.php\/ca943-contact\/\" \/>\n<meta property=\"og:locale\" content=\"hr_HR\" \/>\n<meta property=\"og:type\" content=\"article\" \/>\n<meta property=\"og:title\" content=\"Kontakt - ZUBAC D.O.O\" \/>\n<meta property=\"og:description\" content=\"www.zubac.hr Kontakt Neretvanskih gusara 12 20340 Plo\u010de E-mail: zubac@optinet.hr Radno vrijeme: od 07:00 do 19:00Nedjeljom i praznikom: od 08:00 do 12:00 U SLU\u010cAJU SMRTNOG SLU\u010cAJA MO\u017dETE NAS KONTAKTIRATI NA MOBITEL OD 0 DO 24 SATA. Tel.\/Fax: +385 20 670034 || +385 20 678238 Mob.: +385 98 344295 || +385 91 206 0848 Ime * Email&hellip;&nbsp;Read More &raquo;Kontakt\" \/>\n<meta property=\"og:url\" content=\"https:\/\/zubac.hr\/index.php\/ca943-contact\/\" \/>\n<meta property=\"og:site_name\" content=\"ZUBAC D.O.O\" \/>\n<meta property=\"article:publisher\" content=\"https:\/\/www.facebook.com\/Cvje%c4%87arnica-Zubac-doo-Plo%c4%8de-676313182799456\/\" \/>\n<meta property=\"article:modified_time\" content=\"2020-05-19T12:47:14+00:00\" \/>\n<meta property=\"og:image\" content=\"https:\/\/zubac.hr\/wp-content\/uploads\/2019\/08\/neve-lawyers-demo-04.jpg\" \/>\n<meta name=\"twitter:card\" content=\"summary_large_image\" \/>\n<script type=\"application\/ld+json\" class=\"yoast-schema-graph\">{\"@context\":\"https:\\\/\\\/schema.org\",\"@graph\":[{\"@type\":\"WebPage\",\"@id\":\"https:\\\/\\\/zubac.hr\\\/index.php\\\/ca943-contact\\\/\",\"url\":\"https:\\\/\\\/zubac.hr\\\/index.php\\\/ca943-contact\\\/\",\"name\":\"Kontakt - ZUBAC D.O.O\",\"isPartOf\":{\"@id\":\"https:\\\/\\\/zubac.hr\\\/#website\"},\"primaryImageOfPage\":{\"@id\":\"https:\\\/\\\/zubac.hr\\\/index.php\\\/ca943-contact\\\/#primaryimage\"},\"image\":{\"@id\":\"https:\\\/\\\/zubac.hr\\\/index.php\\\/ca943-contact\\\/#primaryimage\"},\"thumbnailUrl\":\"https:\\\/\\\/zubac.hr\\\/wp-content\\\/uploads\\\/2019\\\/08\\\/neve-lawyers-demo-04.jpg\",\"datePublished\":\"2019-08-14T07:41:19+00:00\",\"dateModified\":\"2020-05-19T12:47:14+00:00\",\"breadcrumb\":{\"@id\":\"https:\\\/\\\/zubac.hr\\\/index.php\\\/ca943-contact\\\/#breadcrumb\"},\"inLanguage\":\"hr\",\"potentialAction\":[{\"@type\":\"ReadAction\",\"target\":[\"https:\\\/\\\/zubac.hr\\\/index.php\\\/ca943-contact\\\/\"]}]},{\"@type\":\"ImageObject\",\"inLanguage\":\"hr\",\"@id\":\"https:\\\/\\\/zubac.hr\\\/index.php\\\/ca943-contact\\\/#primaryimage\",\"url\":\"https:\\\/\\\/zubac.hr\\\/wp-content\\\/uploads\\\/2019\\\/08\\\/neve-lawyers-demo-04.jpg\",\"contentUrl\":\"https:\\\/\\\/zubac.hr\\\/wp-content\\\/uploads\\\/2019\\\/08\\\/neve-lawyers-demo-04.jpg\",\"width\":600,\"height\":600},{\"@type\":\"BreadcrumbList\",\"@id\":\"https:\\\/\\\/zubac.hr\\\/index.php\\\/ca943-contact\\\/#breadcrumb\",\"itemListElement\":[{\"@type\":\"ListItem\",\"position\":1,\"name\":\"Po\u010detna stranica\",\"item\":\"https:\\\/\\\/zubac.hr\\\/\"},{\"@type\":\"ListItem\",\"position\":2,\"name\":\"Kontakt\"}]},{\"@type\":\"WebSite\",\"@id\":\"https:\\\/\\\/zubac.hr\\\/#website\",\"url\":\"https:\\\/\\\/zubac.hr\\\/\",\"name\":\"ZUBAC D.O.O\",\"description\":\"POGREBNO PODUZE\u0106E\",\"potentialAction\":[{\"@type\":\"SearchAction\",\"target\":{\"@type\":\"EntryPoint\",\"urlTemplate\":\"https:\\\/\\\/zubac.hr\\\/?s={search_term_string}\"},\"query-input\":{\"@type\":\"PropertyValueSpecification\",\"valueRequired\":true,\"valueName\":\"search_term_string\"}}],\"inLanguage\":\"hr\"}]}<\/script>\n<!-- \/ Yoast SEO plugin. -->","yoast_head_json":{"title":"Kontakt - ZUBAC D.O.O","robots":{"index":"index","follow":"follow","max-snippet":"max-snippet:-1","max-image-preview":"max-image-preview:large","max-video-preview":"max-video-preview:-1"},"canonical":"https:\/\/zubac.hr\/index.php\/ca943-contact\/","og_locale":"hr_HR","og_type":"article","og_title":"Kontakt - ZUBAC D.O.O","og_description":"www.zubac.hr Kontakt Neretvanskih gusara 12 20340 Plo\u010de E-mail: zubac@optinet.hr Radno vrijeme: od 07:00 do 19:00Nedjeljom i praznikom: od 08:00 do 12:00 U SLU\u010cAJU SMRTNOG SLU\u010cAJA MO\u017dETE NAS KONTAKTIRATI NA MOBITEL OD 0 DO 24 SATA. Tel.\/Fax: +385 20 670034 || +385 20 678238 Mob.: +385 98 344295 || +385 91 206 0848 Ime * Email&hellip;&nbsp;Read More &raquo;Kontakt","og_url":"https:\/\/zubac.hr\/index.php\/ca943-contact\/","og_site_name":"ZUBAC D.O.O","article_publisher":"https:\/\/www.facebook.com\/Cvje%c4%87arnica-Zubac-doo-Plo%c4%8de-676313182799456\/","article_modified_time":"2020-05-19T12:47:14+00:00","og_image":[{"url":"https:\/\/zubac.hr\/wp-content\/uploads\/2019\/08\/neve-lawyers-demo-04.jpg","type":"","width":"","height":""}],"twitter_card":"summary_large_image","schema":{"@context":"https:\/\/schema.org","@graph":[{"@type":"WebPage","@id":"https:\/\/zubac.hr\/index.php\/ca943-contact\/","url":"https:\/\/zubac.hr\/index.php\/ca943-contact\/","name":"Kontakt - ZUBAC D.O.O","isPartOf":{"@id":"https:\/\/zubac.hr\/#website"},"primaryImageOfPage":{"@id":"https:\/\/zubac.hr\/index.php\/ca943-contact\/#primaryimage"},"image":{"@id":"https:\/\/zubac.hr\/index.php\/ca943-contact\/#primaryimage"},"thumbnailUrl":"https:\/\/zubac.hr\/wp-content\/uploads\/2019\/08\/neve-lawyers-demo-04.jpg","datePublished":"2019-08-14T07:41:19+00:00","dateModified":"2020-05-19T12:47:14+00:00","breadcrumb":{"@id":"https:\/\/zubac.hr\/index.php\/ca943-contact\/#breadcrumb"},"inLanguage":"hr","potentialAction":[{"@type":"ReadAction","target":["https:\/\/zubac.hr\/index.php\/ca943-contact\/"]}]},{"@type":"ImageObject","inLanguage":"hr","@id":"https:\/\/zubac.hr\/index.php\/ca943-contact\/#primaryimage","url":"https:\/\/zubac.hr\/wp-content\/uploads\/2019\/08\/neve-lawyers-demo-04.jpg","contentUrl":"https:\/\/zubac.hr\/wp-content\/uploads\/2019\/08\/neve-lawyers-demo-04.jpg","width":600,"height":600},{"@type":"BreadcrumbList","@id":"https:\/\/zubac.hr\/index.php\/ca943-contact\/#breadcrumb","itemListElement":[{"@type":"ListItem","position":1,"name":"Po\u010detna stranica","item":"https:\/\/zubac.hr\/"},{"@type":"ListItem","position":2,"name":"Kontakt"}]},{"@type":"WebSite","@id":"https:\/\/zubac.hr\/#website","url":"https:\/\/zubac.hr\/","name":"ZUBAC D.O.O","description":"POGREBNO PODUZE\u0106E","potentialAction":[{"@type":"SearchAction","target":{"@type":"EntryPoint","urlTemplate":"https:\/\/zubac.hr\/?s={search_term_string}"},"query-input":{"@type":"PropertyValueSpecification","valueRequired":true,"valueName":"search_term_string"}}],"inLanguage":"hr"}]}},"_links":{"self":[{"href":"https:\/\/zubac.hr\/index.php\/wp-json\/wp\/v2\/pages\/96","targetHints":{"allow":["GET"]}}],"collection":[{"href":"https:\/\/zubac.hr\/index.php\/wp-json\/wp\/v2\/pages"}],"about":[{"href":"https:\/\/zubac.hr\/index.php\/wp-json\/wp\/v2\/types\/page"}],"author":[{"embeddable":true,"href":"https:\/\/zubac.hr\/index.php\/wp-json\/wp\/v2\/users\/1"}],"replies":[{"embeddable":true,"href":"https:\/\/zubac.hr\/index.php\/wp-json\/wp\/v2\/comments?post=96"}],"version-history":[{"count":22,"href":"https:\/\/zubac.hr\/index.php\/wp-json\/wp\/v2\/pages\/96\/revisions"}],"predecessor-version":[{"id":1012,"href":"https:\/\/zubac.hr\/index.php\/wp-json\/wp\/v2\/pages\/96\/revisions\/1012"}],"wp:attachment":[{"href":"https:\/\/zubac.hr\/index.php\/wp-json\/wp\/v2\/media?parent=96"}],"curies":[{"name":"wp","href":"https:\/\/api.w.org\/{rel}","templated":true}]}}