{"id":234,"date":"2020-05-16T14:55:32","date_gmt":"2020-05-16T14:55:32","guid":{"rendered":"http:\/\/zubac.hr\/?page_id=234"},"modified":"2020-05-17T19:50:01","modified_gmt":"2020-05-17T19:50:01","slug":"osmrtnice","status":"publish","type":"page","link":"https:\/\/zubac.hr\/index.php\/osmrtnice\/","title":{"rendered":"Osmrtnice"},"content":{"rendered":"\t\t<div data-elementor-type=\"wp-page\" data-elementor-id=\"234\" class=\"elementor elementor-234\">\n\t\t\t\t\t\t<section class=\"elementor-section elementor-inner-section elementor-element elementor-element-bddbe09 elementor-section-boxed elementor-section-height-default elementor-section-height-default\" data-id=\"bddbe09\" data-element_type=\"section\" data-e-type=\"section\">\n\t\t\t\t\t\t<div class=\"elementor-container elementor-column-gap-default\">\n\t\t\t\t\t<div class=\"elementor-column elementor-col-100 elementor-inner-column elementor-element elementor-element-3500adf\" data-id=\"3500adf\" data-element_type=\"column\" data-e-type=\"column\">\n\t\t\t<div class=\"elementor-widget-wrap elementor-element-populated\">\n\t\t\t\t\t\t<div class=\"elementor-element elementor-element-105cd46 elementor-widget elementor-widget-wp-widget-search\" data-id=\"105cd46\" data-element_type=\"widget\" data-e-type=\"widget\" data-widget_type=\"wp-widget-search.default\">\n\t\t\t\t<div class=\"elementor-widget-container\">\n\t\t\t\t\t\n<form role=\"search\"\n\tmethod=\"get\"\n\tclass=\"search-form\"\n\taction=\"https:\/\/zubac.hr\/\">\n\t<label>\n\t\t<span class=\"screen-reader-text\">Search for...<\/span>\n\t<\/label>\n\t<input type=\"search\"\n\t\tclass=\"search-field\"\n\t\taria-label=\"Search\"\n\t\tplaceholder=\"Search for...\"\n\t\tvalue=\"\"\n\t\tname=\"s\"\/>\n\t<button type=\"submit\"\n\t\t\tclass=\"search-submit nv-submit\"\n\t\t\taria-label=\"Search\">\n\t\t\t\t\t<span class=\"nv-search-icon-wrap\">\n\t\t\t\t<span class=\"nv-icon nv-search\" >\n\t\t\t\t<svg width=\"15\" height=\"15\" viewBox=\"0 0 1792 1792\" xmlns=\"http:\/\/www.w3.org\/2000\/svg\"><path d=\"M1216 832q0-185-131.5-316.5t-316.5-131.5-316.5 131.5-131.5 316.5 131.5 316.5 316.5 131.5 316.5-131.5 131.5-316.5zm512 832q0 52-38 90t-90 38q-54 0-90-38l-343-342q-179 124-399 124-143 0-273.5-55.5t-225-150-150-225-55.5-273.5 55.5-273.5 150-225 225-150 273.5-55.5 273.5 55.5 225 150 150 225 55.5 273.5q0 220-124 399l343 343q37 37 37 90z\" \/><\/svg>\n\t\t\t<\/span>\t\t\t<\/span>\n\t\t\t<\/button>\n\t<\/form>\n\t\t\t\t<\/div>\n\t\t\t\t<\/div>\n\t\t\t\t<div class=\"elementor-element elementor-element-1f96e32 elementor-widget elementor-widget-heading\" data-id=\"1f96e32\" data-element_type=\"widget\" data-e-type=\"widget\" data-widget_type=\"heading.default\">\n\t\t\t\t<div class=\"elementor-widget-container\">\n\t\t\t\t\t<span class=\"elementor-heading-title elementor-size-default\">Zubac.hr<\/span>\t\t\t\t<\/div>\n\t\t\t\t<\/div>\n\t\t\t\t<div class=\"elementor-element elementor-element-05b30a5 elementor-widget elementor-widget-heading\" data-id=\"05b30a5\" data-element_type=\"widget\" data-e-type=\"widget\" data-widget_type=\"heading.default\">\n\t\t\t\t<div class=\"elementor-widget-container\">\n\t\t\t\t\t<h2 class=\"elementor-heading-title elementor-size-default\">Osmrtnice<\/h2>\t\t\t\t<\/div>\n\t\t\t\t<\/div>\n\t\t\t\t<div class=\"elementor-element elementor-element-11caa61 elementor-widget-divider--view-line elementor-widget elementor-widget-divider\" data-id=\"11caa61\" data-element_type=\"widget\" data-e-type=\"widget\" data-widget_type=\"divider.default\">\n\t\t\t\t<div class=\"elementor-widget-container\">\n\t\t\t\t\t\t\t<div class=\"elementor-divider\">\n\t\t\t<span class=\"elementor-divider-separator\">\n\t\t\t\t\t\t<\/span>\n\t\t<\/div>\n\t\t\t\t\t\t<\/div>\n\t\t\t\t<\/div>\n\t\t\t\t\t<\/div>\n\t\t<\/div>\n\t\t\t\t\t<\/div>\n\t\t<\/section>\n\t\t\t\t<section class=\"elementor-section elementor-inner-section elementor-element elementor-element-d8fefc8 elementor-section-content-middle elementor-section-boxed elementor-section-height-default elementor-section-height-default\" data-id=\"d8fefc8\" data-element_type=\"section\" data-e-type=\"section\">\n\t\t\t\t\t\t<div class=\"elementor-container elementor-column-gap-default\">\n\t\t\t\t\t<div class=\"elementor-column elementor-col-100 elementor-inner-column elementor-element elementor-element-ebb69ae\" data-id=\"ebb69ae\" data-element_type=\"column\" data-e-type=\"column\">\n\t\t\t<div class=\"elementor-widget-wrap elementor-element-populated\">\n\t\t\t\t\t\t<div class=\"elementor-element elementor-element-70c3908 elementor-widget elementor-widget-obfx-posts-grid\" data-id=\"70c3908\" data-element_type=\"widget\" data-e-type=\"widget\" data-widget_type=\"obfx-posts-grid.default\">\n\t\t\t\t<div class=\"elementor-widget-container\">\n\t\t\t\t\t<div class=\"obfx-grid\"><div class=\"obfx-grid-container obfx-grid-tablet-2 obfx-grid-desktop-2\"><div class=\"obfx-grid-wrapper\"><article class=\"obfx-grid-col obfx-no-image\"><div class=\"obfx-grid-col-content\">\t\t\t<h3 class=\"entry-title obfx-grid-title\">\n\t\t\t\t\t\t\t<a href=\"https:\/\/zubac.hr\/index.php\/2026\/04\/26\/jurica-zderic\/\" title=\"JURICA \u017dDERI\u0106\">\n\t\t\t\t\tJURICA \u017dDERI\u0106\t\t\t\t<\/a>\n\t\t\t\t\t\t\t<\/h3>\n\t\t\t\t\t\t\t<div class=\"entry-meta obfx-grid-meta\">\n\n\t\t\t\t\t\t\t\t\t\t\t\t\t<span class=\"obfx-grid-date\">\n\t\t\t\t\t\t\t\t\t26 travnja, 2026\t\t\t\t\t\t\t\t<\/span>\n\t\t\t\t\t\t\t\t\n\t\t\t\t<\/div>\n\t\t\t\t<\/div><\/article><\/div><div class=\"obfx-grid-wrapper\"><article class=\"obfx-grid-col obfx-no-image\"><div class=\"obfx-grid-col-content\">\t\t\t<h3 class=\"entry-title obfx-grid-title\">\n\t\t\t\t\t\t\t<a href=\"https:\/\/zubac.hr\/index.php\/2026\/04\/21\/mate-puljan\/\" title=\"MATE PULJAN\">\n\t\t\t\t\tMATE PULJAN\t\t\t\t<\/a>\n\t\t\t\t\t\t\t<\/h3>\n\t\t\t\t\t\t\t<div class=\"entry-meta obfx-grid-meta\">\n\n\t\t\t\t\t\t\t\t\t\t\t\t\t<span class=\"obfx-grid-date\">\n\t\t\t\t\t\t\t\t\t21 travnja, 2026\t\t\t\t\t\t\t\t<\/span>\n\t\t\t\t\t\t\t\t\n\t\t\t\t<\/div>\n\t\t\t\t<\/div><\/article><\/div><div class=\"obfx-grid-wrapper\"><article class=\"obfx-grid-col obfx-no-image\"><div class=\"obfx-grid-col-content\">\t\t\t<h3 class=\"entry-title obfx-grid-title\">\n\t\t\t\t\t\t\t<a href=\"https:\/\/zubac.hr\/index.php\/2026\/04\/15\/senija-berbic\/\" title=\"SENIJA BERBI\u0106\">\n\t\t\t\t\tSENIJA BERBI\u0106\t\t\t\t<\/a>\n\t\t\t\t\t\t\t<\/h3>\n\t\t\t\t\t\t\t<div class=\"entry-meta obfx-grid-meta\">\n\n\t\t\t\t\t\t\t\t\t\t\t\t\t<span class=\"obfx-grid-date\">\n\t\t\t\t\t\t\t\t\t15 travnja, 2026\t\t\t\t\t\t\t\t<\/span>\n\t\t\t\t\t\t\t\t\n\t\t\t\t<\/div>\n\t\t\t\t<\/div><\/article><\/div><div class=\"obfx-grid-wrapper\"><article class=\"obfx-grid-col obfx-no-image\"><div class=\"obfx-grid-col-content\">\t\t\t<h3 class=\"entry-title obfx-grid-title\">\n\t\t\t\t\t\t\t<a href=\"https:\/\/zubac.hr\/index.php\/2026\/04\/08\/ivo-jelavic-dani\/\" title=\"IVO JELAVI\u0106 -\u0110ANI\">\n\t\t\t\t\tIVO JELAVI\u0106 -\u0110ANI\t\t\t\t<\/a>\n\t\t\t\t\t\t\t<\/h3>\n\t\t\t\t\t\t\t<div class=\"entry-meta obfx-grid-meta\">\n\n\t\t\t\t\t\t\t\t\t\t\t\t\t<span class=\"obfx-grid-date\">\n\t\t\t\t\t\t\t\t\t8 travnja, 2026\t\t\t\t\t\t\t\t<\/span>\n\t\t\t\t\t\t\t\t\n\t\t\t\t<\/div>\n\t\t\t\t<\/div><\/article><\/div><div class=\"obfx-grid-wrapper\"><article class=\"obfx-grid-col obfx-no-image\"><div class=\"obfx-grid-col-content\">\t\t\t<h3 class=\"entry-title obfx-grid-title\">\n\t\t\t\t\t\t\t<a href=\"https:\/\/zubac.hr\/index.php\/2026\/04\/08\/tomislav-dabic\/\" title=\"TOMISLAV DABI\u0106\">\n\t\t\t\t\tTOMISLAV DABI\u0106\t\t\t\t<\/a>\n\t\t\t\t\t\t\t<\/h3>\n\t\t\t\t\t\t\t<div class=\"entry-meta obfx-grid-meta\">\n\n\t\t\t\t\t\t\t\t\t\t\t\t\t<span class=\"obfx-grid-date\">\n\t\t\t\t\t\t\t\t\t8 travnja, 2026\t\t\t\t\t\t\t\t<\/span>\n\t\t\t\t\t\t\t\t\n\t\t\t\t<\/div>\n\t\t\t\t<\/div><\/article><\/div><div class=\"obfx-grid-wrapper\"><article class=\"obfx-grid-col obfx-no-image\"><div class=\"obfx-grid-col-content\">\t\t\t<h3 class=\"entry-title obfx-grid-title\">\n\t\t\t\t\t\t\t<a href=\"https:\/\/zubac.hr\/index.php\/2026\/04\/07\/petar-gradac\/\" title=\"PETAR GRADAC\">\n\t\t\t\t\tPETAR GRADAC\t\t\t\t<\/a>\n\t\t\t\t\t\t\t<\/h3>\n\t\t\t\t\t\t\t<div class=\"entry-meta obfx-grid-meta\">\n\n\t\t\t\t\t\t\t\t\t\t\t\t\t<span class=\"obfx-grid-date\">\n\t\t\t\t\t\t\t\t\t7 travnja, 2026\t\t\t\t\t\t\t\t<\/span>\n\t\t\t\t\t\t\t\t\n\t\t\t\t<\/div>\n\t\t\t\t<\/div><\/article><\/div><div class=\"obfx-grid-wrapper\"><article class=\"obfx-grid-col obfx-no-image\"><div class=\"obfx-grid-col-content\">\t\t\t<h3 class=\"entry-title obfx-grid-title\">\n\t\t\t\t\t\t\t<a href=\"https:\/\/zubac.hr\/index.php\/2026\/04\/04\/danica-dorsch\/\" title=\"DANICA DORSCH\">\n\t\t\t\t\tDANICA DORSCH\t\t\t\t<\/a>\n\t\t\t\t\t\t\t<\/h3>\n\t\t\t\t\t\t\t<div class=\"entry-meta obfx-grid-meta\">\n\n\t\t\t\t\t\t\t\t\t\t\t\t\t<span class=\"obfx-grid-date\">\n\t\t\t\t\t\t\t\t\t4 travnja, 2026\t\t\t\t\t\t\t\t<\/span>\n\t\t\t\t\t\t\t\t\n\t\t\t\t<\/div>\n\t\t\t\t<\/div><\/article><\/div><div class=\"obfx-grid-wrapper\"><article class=\"obfx-grid-col obfx-no-image\"><div class=\"obfx-grid-col-content\">\t\t\t<h3 class=\"entry-title obfx-grid-title\">\n\t\t\t\t\t\t\t<a href=\"https:\/\/zubac.hr\/index.php\/2026\/03\/31\/nediljka-zderic\/\" title=\"NEDILJKA \u017dDERI\u0106\">\n\t\t\t\t\tNEDILJKA \u017dDERI\u0106\t\t\t\t<\/a>\n\t\t\t\t\t\t\t<\/h3>\n\t\t\t\t\t\t\t<div class=\"entry-meta obfx-grid-meta\">\n\n\t\t\t\t\t\t\t\t\t\t\t\t\t<span class=\"obfx-grid-date\">\n\t\t\t\t\t\t\t\t\t31 o\u017eujka, 2026\t\t\t\t\t\t\t\t<\/span>\n\t\t\t\t\t\t\t\t\n\t\t\t\t<\/div>\n\t\t\t\t<\/div><\/article><\/div><div class=\"obfx-grid-wrapper\"><article class=\"obfx-grid-col obfx-no-image\"><div class=\"obfx-grid-col-content\">\t\t\t<h3 class=\"entry-title obfx-grid-title\">\n\t\t\t\t\t\t\t<a href=\"https:\/\/zubac.hr\/index.php\/2026\/03\/30\/luca-gradac\/\" title=\"LUCA GRADAC\">\n\t\t\t\t\tLUCA GRADAC\t\t\t\t<\/a>\n\t\t\t\t\t\t\t<\/h3>\n\t\t\t\t\t\t\t<div class=\"entry-meta obfx-grid-meta\">\n\n\t\t\t\t\t\t\t\t\t\t\t\t\t<span class=\"obfx-grid-date\">\n\t\t\t\t\t\t\t\t\t30 o\u017eujka, 2026\t\t\t\t\t\t\t\t<\/span>\n\t\t\t\t\t\t\t\t\n\t\t\t\t<\/div>\n\t\t\t\t<\/div><\/article><\/div><div class=\"obfx-grid-wrapper\"><article class=\"obfx-grid-col obfx-no-image\"><div class=\"obfx-grid-col-content\">\t\t\t<h3 class=\"entry-title obfx-grid-title\">\n\t\t\t\t\t\t\t<a href=\"https:\/\/zubac.hr\/index.php\/2026\/03\/30\/anka-boric\/\" title=\"ANKA BORI\u0106\">\n\t\t\t\t\tANKA BORI\u0106\t\t\t\t<\/a>\n\t\t\t\t\t\t\t<\/h3>\n\t\t\t\t\t\t\t<div class=\"entry-meta obfx-grid-meta\">\n\n\t\t\t\t\t\t\t\t\t\t\t\t\t<span class=\"obfx-grid-date\">\n\t\t\t\t\t\t\t\t\t30 o\u017eujka, 2026\t\t\t\t\t\t\t\t<\/span>\n\t\t\t\t\t\t\t\t\n\t\t\t\t<\/div>\n\t\t\t\t<\/div><\/article><\/div><div class=\"obfx-grid-wrapper\"><article class=\"obfx-grid-col obfx-no-image\"><div class=\"obfx-grid-col-content\">\t\t\t<h3 class=\"entry-title obfx-grid-title\">\n\t\t\t\t\t\t\t<a href=\"https:\/\/zubac.hr\/index.php\/2026\/03\/28\/stana-kvestic\/\" title=\"STANA KVESTI\u0106\">\n\t\t\t\t\tSTANA KVESTI\u0106\t\t\t\t<\/a>\n\t\t\t\t\t\t\t<\/h3>\n\t\t\t\t\t\t\t<div class=\"entry-meta obfx-grid-meta\">\n\n\t\t\t\t\t\t\t\t\t\t\t\t\t<span class=\"obfx-grid-date\">\n\t\t\t\t\t\t\t\t\t28 o\u017eujka, 2026\t\t\t\t\t\t\t\t<\/span>\n\t\t\t\t\t\t\t\t\n\t\t\t\t<\/div>\n\t\t\t\t<\/div><\/article><\/div><div class=\"obfx-grid-wrapper\"><article class=\"obfx-grid-col obfx-no-image\"><div class=\"obfx-grid-col-content\">\t\t\t<h3 class=\"entry-title obfx-grid-title\">\n\t\t\t\t\t\t\t<a href=\"https:\/\/zubac.hr\/index.php\/2026\/03\/27\/josip-ivanovic\/\" title=\"JOSIP IVANOVI\u0106\">\n\t\t\t\t\tJOSIP IVANOVI\u0106\t\t\t\t<\/a>\n\t\t\t\t\t\t\t<\/h3>\n\t\t\t\t\t\t\t<div class=\"entry-meta obfx-grid-meta\">\n\n\t\t\t\t\t\t\t\t\t\t\t\t\t<span class=\"obfx-grid-date\">\n\t\t\t\t\t\t\t\t\t27 o\u017eujka, 2026\t\t\t\t\t\t\t\t<\/span>\n\t\t\t\t\t\t\t\t\n\t\t\t\t<\/div>\n\t\t\t\t<\/div><\/article><\/div><div class=\"obfx-grid-wrapper\"><article class=\"obfx-grid-col obfx-no-image\"><div class=\"obfx-grid-col-content\">\t\t\t<h3 class=\"entry-title obfx-grid-title\">\n\t\t\t\t\t\t\t<a href=\"https:\/\/zubac.hr\/index.php\/2026\/03\/27\/predrag-keres\/\" title=\"PREDRAG KERE\u0160\">\n\t\t\t\t\tPREDRAG KERE\u0160\t\t\t\t<\/a>\n\t\t\t\t\t\t\t<\/h3>\n\t\t\t\t\t\t\t<div class=\"entry-meta obfx-grid-meta\">\n\n\t\t\t\t\t\t\t\t\t\t\t\t\t<span class=\"obfx-grid-date\">\n\t\t\t\t\t\t\t\t\t27 o\u017eujka, 2026\t\t\t\t\t\t\t\t<\/span>\n\t\t\t\t\t\t\t\t\n\t\t\t\t<\/div>\n\t\t\t\t<\/div><\/article><\/div><div class=\"obfx-grid-wrapper\"><article class=\"obfx-grid-col obfx-no-image\"><div class=\"obfx-grid-col-content\">\t\t\t<h3 class=\"entry-title obfx-grid-title\">\n\t\t\t\t\t\t\t<a href=\"https:\/\/zubac.hr\/index.php\/2026\/03\/17\/jure-barbir\/\" title=\"JURE BARBIR\">\n\t\t\t\t\tJURE BARBIR\t\t\t\t<\/a>\n\t\t\t\t\t\t\t<\/h3>\n\t\t\t\t\t\t\t<div class=\"entry-meta obfx-grid-meta\">\n\n\t\t\t\t\t\t\t\t\t\t\t\t\t<span class=\"obfx-grid-date\">\n\t\t\t\t\t\t\t\t\t17 o\u017eujka, 2026\t\t\t\t\t\t\t\t<\/span>\n\t\t\t\t\t\t\t\t\n\t\t\t\t<\/div>\n\t\t\t\t<\/div><\/article><\/div><div class=\"obfx-grid-wrapper\"><article class=\"obfx-grid-col obfx-no-image\"><div class=\"obfx-grid-col-content\">\t\t\t<h3 class=\"entry-title obfx-grid-title\">\n\t\t\t\t\t\t\t<a href=\"https:\/\/zubac.hr\/index.php\/2026\/03\/16\/durdica-gradac\/\" title=\"\u0110UR\u0110ICA GRADAC\">\n\t\t\t\t\t\u0110UR\u0110ICA GRADAC\t\t\t\t<\/a>\n\t\t\t\t\t\t\t<\/h3>\n\t\t\t\t\t\t\t<div class=\"entry-meta obfx-grid-meta\">\n\n\t\t\t\t\t\t\t\t\t\t\t\t\t<span class=\"obfx-grid-date\">\n\t\t\t\t\t\t\t\t\t16 o\u017eujka, 2026\t\t\t\t\t\t\t\t<\/span>\n\t\t\t\t\t\t\t\t\n\t\t\t\t<\/div>\n\t\t\t\t<\/div><\/article><\/div><div class=\"obfx-grid-wrapper\"><article class=\"obfx-grid-col obfx-no-image\"><div class=\"obfx-grid-col-content\">\t\t\t<h3 class=\"entry-title obfx-grid-title\">\n\t\t\t\t\t\t\t<a href=\"https:\/\/zubac.hr\/index.php\/2026\/03\/16\/nedjeljko-sunjic-levi\/\" title=\"NEDJELJKO \u0160UNJI\u0106 &#8211; LEVI\">\n\t\t\t\t\tNEDJELJKO \u0160UNJI\u0106 &#8211; LEVI\t\t\t\t<\/a>\n\t\t\t\t\t\t\t<\/h3>\n\t\t\t\t\t\t\t<div class=\"entry-meta obfx-grid-meta\">\n\n\t\t\t\t\t\t\t\t\t\t\t\t\t<span class=\"obfx-grid-date\">\n\t\t\t\t\t\t\t\t\t16 o\u017eujka, 2026\t\t\t\t\t\t\t\t<\/span>\n\t\t\t\t\t\t\t\t\n\t\t\t\t<\/div>\n\t\t\t\t<\/div><\/article><\/div><div class=\"obfx-grid-wrapper\"><article class=\"obfx-grid-col obfx-no-image\"><div class=\"obfx-grid-col-content\">\t\t\t<h3 class=\"entry-title obfx-grid-title\">\n\t\t\t\t\t\t\t<a href=\"https:\/\/zubac.hr\/index.php\/2026\/03\/12\/mirjana-stipic-mira\/\" title=\"MIRJANA STIPI\u0106 -MIRA\">\n\t\t\t\t\tMIRJANA STIPI\u0106 -MIRA\t\t\t\t<\/a>\n\t\t\t\t\t\t\t<\/h3>\n\t\t\t\t\t\t\t<div class=\"entry-meta obfx-grid-meta\">\n\n\t\t\t\t\t\t\t\t\t\t\t\t\t<span class=\"obfx-grid-date\">\n\t\t\t\t\t\t\t\t\t12 o\u017eujka, 2026\t\t\t\t\t\t\t\t<\/span>\n\t\t\t\t\t\t\t\t\n\t\t\t\t<\/div>\n\t\t\t\t<\/div><\/article><\/div><div class=\"obfx-grid-wrapper\"><article class=\"obfx-grid-col obfx-no-image\"><div class=\"obfx-grid-col-content\">\t\t\t<h3 class=\"entry-title obfx-grid-title\">\n\t\t\t\t\t\t\t<a href=\"https:\/\/zubac.hr\/index.php\/2026\/03\/08\/leo-peko\/\" title=\"LEO PEKO\">\n\t\t\t\t\tLEO PEKO\t\t\t\t<\/a>\n\t\t\t\t\t\t\t<\/h3>\n\t\t\t\t\t\t\t<div class=\"entry-meta obfx-grid-meta\">\n\n\t\t\t\t\t\t\t\t\t\t\t\t\t<span class=\"obfx-grid-date\">\n\t\t\t\t\t\t\t\t\t8 o\u017eujka, 2026\t\t\t\t\t\t\t\t<\/span>\n\t\t\t\t\t\t\t\t\n\t\t\t\t<\/div>\n\t\t\t\t<\/div><\/article><\/div><div class=\"obfx-grid-wrapper\"><article class=\"obfx-grid-col obfx-no-image\"><div class=\"obfx-grid-col-content\">\t\t\t<h3 class=\"entry-title obfx-grid-title\">\n\t\t\t\t\t\t\t<a href=\"https:\/\/zubac.hr\/index.php\/2026\/03\/05\/zeljko-trampa\/\" title=\"\u017dELJKO TRAMPA\">\n\t\t\t\t\t\u017dELJKO TRAMPA\t\t\t\t<\/a>\n\t\t\t\t\t\t\t<\/h3>\n\t\t\t\t\t\t\t<div class=\"entry-meta obfx-grid-meta\">\n\n\t\t\t\t\t\t\t\t\t\t\t\t\t<span class=\"obfx-grid-date\">\n\t\t\t\t\t\t\t\t\t5 o\u017eujka, 2026\t\t\t\t\t\t\t\t<\/span>\n\t\t\t\t\t\t\t\t\n\t\t\t\t<\/div>\n\t\t\t\t<\/div><\/article><\/div><div class=\"obfx-grid-wrapper\"><article class=\"obfx-grid-col obfx-no-image\"><div class=\"obfx-grid-col-content\">\t\t\t<h3 class=\"entry-title obfx-grid-title\">\n\t\t\t\t\t\t\t<a href=\"https:\/\/zubac.hr\/index.php\/2026\/03\/05\/mario-bogunovic\/\" title=\"MARIO BOGUNOVI\u0106\">\n\t\t\t\t\tMARIO BOGUNOVI\u0106\t\t\t\t<\/a>\n\t\t\t\t\t\t\t<\/h3>\n\t\t\t\t\t\t\t<div class=\"entry-meta obfx-grid-meta\">\n\n\t\t\t\t\t\t\t\t\t\t\t\t\t<span class=\"obfx-grid-date\">\n\t\t\t\t\t\t\t\t\t5 o\u017eujka, 2026\t\t\t\t\t\t\t\t<\/span>\n\t\t\t\t\t\t\t\t\n\t\t\t\t<\/div>\n\t\t\t\t<\/div><\/article><\/div>\t\t\t\t<div class=\"obfx-grid-pagination\">\n\t\t\t\t\t\t\t\t\t\t<nav class=\"pagination\">\n\t\t\t\t\t\t<span aria-current=\"page\" class=\"page-numbers current\">1<\/span>\n<a class=\"page-numbers\" href=\"https:\/\/zubac.hr\/index.php\/wp-json\/wp\/v2\/pages\/234\/page\/2\/\">2<\/a>\n<a class=\"page-numbers\" href=\"https:\/\/zubac.hr\/index.php\/wp-json\/wp\/v2\/pages\/234\/page\/3\/\">3<\/a>\n<a class=\"page-numbers\" href=\"https:\/\/zubac.hr\/index.php\/wp-json\/wp\/v2\/pages\/234\/page\/4\/\">4<\/a>\n<span class=\"page-numbers dots\">&hellip;<\/span>\n<a class=\"page-numbers\" href=\"https:\/\/zubac.hr\/index.php\/wp-json\/wp\/v2\/pages\/234\/page\/33\/\">33<\/a>\n<a class=\"next page-numbers\" href=\"https:\/\/zubac.hr\/index.php\/wp-json\/wp\/v2\/pages\/234\/page\/2\/\">Next<\/a>\t\t\t\t\t<\/nav>\n\t\t\t\t<\/div>\n\t\t\t\t<\/div><!-- .obfx-grid-container --><\/div><!-- .obfx-grid -->\t\t\t\t<\/div>\n\t\t\t\t<\/div>\n\t\t\t\t<div class=\"elementor-element elementor-element-38f35cb elementor-widget-divider--view-line elementor-widget elementor-widget-divider\" data-id=\"38f35cb\" data-element_type=\"widget\" data-e-type=\"widget\" data-widget_type=\"divider.default\">\n\t\t\t\t<div class=\"elementor-widget-container\">\n\t\t\t\t\t\t\t<div class=\"elementor-divider\">\n\t\t\t<span class=\"elementor-divider-separator\">\n\t\t\t\t\t\t<\/span>\n\t\t<\/div>\n\t\t\t\t\t\t<\/div>\n\t\t\t\t<\/div>\n\t\t\t\t\t<\/div>\n\t\t<\/div>\n\t\t\t\t\t<\/div>\n\t\t<\/section>\n\t\t\t\t<\/div>\n\t\t","protected":false},"excerpt":{"rendered":"<p>Zubac.hr Osmrtnice IVA-KATA BAJI\u0106 1923 &#8211; 2020 6 svibnja, 2020 SLOBODANKA RADONI\u0106 1942 &#8211; 2020 28 travnja, 2020 ANA NOVAKOVI\u0106 1928 &#8211; 2020 25 travnja, 2020 DOMINKO MARINOVI\u0106 1931 &#8211; 2020 21 travnja, 2020 ANDRIJA-MARINKO MILI\u0106 1942 &#8211; 2020 12 travnja, 2020 MATKO GILJEVI\u0106 1949 &#8211; 2020 2 travnja, 2020 ANDRIJA KALEB (IKA\u010c) 1926 &#8211;&hellip;&nbsp;<a href=\"https:\/\/zubac.hr\/index.php\/2026\/03\/05\/mario-bogunovic\/\" rel=\"bookmark\">Read More &raquo;<span class=\"screen-reader-text\">MARIO BOGUNOVI\u0106<\/span><\/a><\/p>\n","protected":false},"author":1,"featured_media":0,"parent":0,"menu_order":0,"comment_status":"closed","ping_status":"closed","template":"page-templates\/template-pagebuilder-full-width.php","meta":{"neve_meta_sidebar":"full-width","neve_meta_container":"","neve_meta_enable_content_width":"on","neve_meta_content_width":100,"neve_meta_title_alignment":"","neve_meta_author_avatar":"","neve_post_elements_order":"","neve_meta_disable_header":"","neve_meta_disable_footer":"","neve_meta_disable_title":"","footnotes":""},"class_list":["post-234","page","type-page","status-publish","hentry"],"yoast_head":"<!-- This site is optimized with the Yoast SEO plugin v27.4 - https:\/\/yoast.com\/product\/yoast-seo-wordpress\/ -->\n<title>Osmrtnice - ZUBAC D.O.O<\/title>\n<meta name=\"robots\" content=\"index, follow, max-snippet:-1, max-image-preview:large, max-video-preview:-1\" \/>\n<link rel=\"canonical\" href=\"https:\/\/zubac.hr\/index.php\/osmrtnice\/\" \/>\n<meta property=\"og:locale\" content=\"hr_HR\" \/>\n<meta property=\"og:type\" content=\"article\" \/>\n<meta property=\"og:title\" content=\"Osmrtnice - ZUBAC D.O.O\" \/>\n<meta property=\"og:description\" content=\"Zubac.hr Osmrtnice IVA-KATA BAJI\u0106 1923 &#8211; 2020 6 svibnja, 2020 SLOBODANKA RADONI\u0106 1942 &#8211; 2020 28 travnja, 2020 ANA NOVAKOVI\u0106 1928 &#8211; 2020 25 travnja, 2020 DOMINKO MARINOVI\u0106 1931 &#8211; 2020 21 travnja, 2020 ANDRIJA-MARINKO MILI\u0106 1942 &#8211; 2020 12 travnja, 2020 MATKO GILJEVI\u0106 1949 &#8211; 2020 2 travnja, 2020 ANDRIJA KALEB (IKA\u010c) 1926 &#8211;&hellip;&nbsp;Read More &raquo;MARIO BOGUNOVI\u0106\" \/>\n<meta property=\"og:url\" content=\"https:\/\/zubac.hr\/index.php\/osmrtnice\/\" \/>\n<meta property=\"og:site_name\" content=\"ZUBAC D.O.O\" \/>\n<meta property=\"article:publisher\" content=\"https:\/\/www.facebook.com\/Cvje%c4%87arnica-Zubac-doo-Plo%c4%8de-676313182799456\/\" \/>\n<meta property=\"article:modified_time\" content=\"2020-05-17T19:50:01+00:00\" \/>\n<meta name=\"twitter:card\" content=\"summary_large_image\" \/>\n<script type=\"application\/ld+json\" class=\"yoast-schema-graph\">{\"@context\":\"https:\\\/\\\/schema.org\",\"@graph\":[{\"@type\":\"WebPage\",\"@id\":\"https:\\\/\\\/zubac.hr\\\/index.php\\\/osmrtnice\\\/\",\"url\":\"https:\\\/\\\/zubac.hr\\\/index.php\\\/osmrtnice\\\/\",\"name\":\"Osmrtnice - ZUBAC D.O.O\",\"isPartOf\":{\"@id\":\"https:\\\/\\\/zubac.hr\\\/#website\"},\"datePublished\":\"2020-05-16T14:55:32+00:00\",\"dateModified\":\"2020-05-17T19:50:01+00:00\",\"breadcrumb\":{\"@id\":\"https:\\\/\\\/zubac.hr\\\/index.php\\\/osmrtnice\\\/#breadcrumb\"},\"inLanguage\":\"hr\",\"potentialAction\":[{\"@type\":\"ReadAction\",\"target\":[\"https:\\\/\\\/zubac.hr\\\/index.php\\\/osmrtnice\\\/\"]}]},{\"@type\":\"BreadcrumbList\",\"@id\":\"https:\\\/\\\/zubac.hr\\\/index.php\\\/osmrtnice\\\/#breadcrumb\",\"itemListElement\":[{\"@type\":\"ListItem\",\"position\":1,\"name\":\"Po\u010detna stranica\",\"item\":\"https:\\\/\\\/zubac.hr\\\/\"},{\"@type\":\"ListItem\",\"position\":2,\"name\":\"Osmrtnice\"}]},{\"@type\":\"WebSite\",\"@id\":\"https:\\\/\\\/zubac.hr\\\/#website\",\"url\":\"https:\\\/\\\/zubac.hr\\\/\",\"name\":\"ZUBAC D.O.O\",\"description\":\"POGREBNO PODUZE\u0106E\",\"potentialAction\":[{\"@type\":\"SearchAction\",\"target\":{\"@type\":\"EntryPoint\",\"urlTemplate\":\"https:\\\/\\\/zubac.hr\\\/?s={search_term_string}\"},\"query-input\":{\"@type\":\"PropertyValueSpecification\",\"valueRequired\":true,\"valueName\":\"search_term_string\"}}],\"inLanguage\":\"hr\"}]}<\/script>\n<!-- \/ Yoast SEO plugin. -->","yoast_head_json":{"title":"Osmrtnice - ZUBAC D.O.O","robots":{"index":"index","follow":"follow","max-snippet":"max-snippet:-1","max-image-preview":"max-image-preview:large","max-video-preview":"max-video-preview:-1"},"canonical":"https:\/\/zubac.hr\/index.php\/osmrtnice\/","og_locale":"hr_HR","og_type":"article","og_title":"Osmrtnice - ZUBAC D.O.O","og_description":"Zubac.hr Osmrtnice IVA-KATA BAJI\u0106 1923 &#8211; 2020 6 svibnja, 2020 SLOBODANKA RADONI\u0106 1942 &#8211; 2020 28 travnja, 2020 ANA NOVAKOVI\u0106 1928 &#8211; 2020 25 travnja, 2020 DOMINKO MARINOVI\u0106 1931 &#8211; 2020 21 travnja, 2020 ANDRIJA-MARINKO MILI\u0106 1942 &#8211; 2020 12 travnja, 2020 MATKO GILJEVI\u0106 1949 &#8211; 2020 2 travnja, 2020 ANDRIJA KALEB (IKA\u010c) 1926 &#8211;&hellip;&nbsp;Read More &raquo;MARIO BOGUNOVI\u0106","og_url":"https:\/\/zubac.hr\/index.php\/osmrtnice\/","og_site_name":"ZUBAC D.O.O","article_publisher":"https:\/\/www.facebook.com\/Cvje%c4%87arnica-Zubac-doo-Plo%c4%8de-676313182799456\/","article_modified_time":"2020-05-17T19:50:01+00:00","twitter_card":"summary_large_image","schema":{"@context":"https:\/\/schema.org","@graph":[{"@type":"WebPage","@id":"https:\/\/zubac.hr\/index.php\/osmrtnice\/","url":"https:\/\/zubac.hr\/index.php\/osmrtnice\/","name":"Osmrtnice - ZUBAC D.O.O","isPartOf":{"@id":"https:\/\/zubac.hr\/#website"},"datePublished":"2020-05-16T14:55:32+00:00","dateModified":"2020-05-17T19:50:01+00:00","breadcrumb":{"@id":"https:\/\/zubac.hr\/index.php\/osmrtnice\/#breadcrumb"},"inLanguage":"hr","potentialAction":[{"@type":"ReadAction","target":["https:\/\/zubac.hr\/index.php\/osmrtnice\/"]}]},{"@type":"BreadcrumbList","@id":"https:\/\/zubac.hr\/index.php\/osmrtnice\/#breadcrumb","itemListElement":[{"@type":"ListItem","position":1,"name":"Po\u010detna stranica","item":"https:\/\/zubac.hr\/"},{"@type":"ListItem","position":2,"name":"Osmrtnice"}]},{"@type":"WebSite","@id":"https:\/\/zubac.hr\/#website","url":"https:\/\/zubac.hr\/","name":"ZUBAC D.O.O","description":"POGREBNO PODUZE\u0106E","potentialAction":[{"@type":"SearchAction","target":{"@type":"EntryPoint","urlTemplate":"https:\/\/zubac.hr\/?s={search_term_string}"},"query-input":{"@type":"PropertyValueSpecification","valueRequired":true,"valueName":"search_term_string"}}],"inLanguage":"hr"}]}},"_links":{"self":[{"href":"https:\/\/zubac.hr\/index.php\/wp-json\/wp\/v2\/pages\/234","targetHints":{"allow":["GET"]}}],"collection":[{"href":"https:\/\/zubac.hr\/index.php\/wp-json\/wp\/v2\/pages"}],"about":[{"href":"https:\/\/zubac.hr\/index.php\/wp-json\/wp\/v2\/types\/page"}],"author":[{"embeddable":true,"href":"https:\/\/zubac.hr\/index.php\/wp-json\/wp\/v2\/users\/1"}],"replies":[{"embeddable":true,"href":"https:\/\/zubac.hr\/index.php\/wp-json\/wp\/v2\/comments?post=234"}],"version-history":[{"count":8,"href":"https:\/\/zubac.hr\/index.php\/wp-json\/wp\/v2\/pages\/234\/revisions"}],"predecessor-version":[{"id":978,"href":"https:\/\/zubac.hr\/index.php\/wp-json\/wp\/v2\/pages\/234\/revisions\/978"}],"wp:attachment":[{"href":"https:\/\/zubac.hr\/index.php\/wp-json\/wp\/v2\/media?parent=234"}],"curies":[{"name":"wp","href":"https:\/\/api.w.org\/{rel}","templated":true}]}}